{"id":7522,"date":"2024-01-19T07:14:18","date_gmt":"2024-01-19T12:14:18","guid":{"rendered":"https:\/\/liamfoundation.com\/contactez-nous\/"},"modified":"2025-01-21T10:36:15","modified_gmt":"2025-01-21T15:36:15","slug":"nous-contacter","status":"publish","type":"page","link":"https:\/\/liamfoundation.com\/fr\/nous-contacter\/","title":{"rendered":"Nous contacter"},"content":{"rendered":"\t\t<div data-elementor-type=\"wp-page\" data-elementor-id=\"7522\" class=\"elementor elementor-7522\" data-elementor-post-type=\"page\">\n\t\t\t\t\t\t<section class=\"elementor-section elementor-top-section elementor-element elementor-element-9124a1a elementor-section-boxed elementor-section-height-default elementor-section-height-default\" data-id=\"9124a1a\" data-element_type=\"section\" data-e-type=\"section\" data-settings=\"{&quot;background_background&quot;:&quot;classic&quot;}\">\n\t\t\t\t\t\t<div class=\"elementor-container elementor-column-gap-extended\">\n\t\t\t\t\t<div class=\"elementor-column elementor-col-50 elementor-top-column elementor-element elementor-element-daba66a\" data-id=\"daba66a\" data-element_type=\"column\" data-e-type=\"column\">\n\t\t\t<div class=\"elementor-widget-wrap elementor-element-populated\">\n\t\t\t\t\t\t<div class=\"elementor-element elementor-element-0283a9e elementor-widget elementor-widget-risehand-title-v1\" data-id=\"0283a9e\" data-element_type=\"widget\" data-e-type=\"widget\" data-widget_type=\"risehand-title-v1.default\">\n\t\t\t\t<div class=\"elementor-widget-container\">\n\t\t\t\t\t \r\n<div class=\"title_all_box style_one dark_color\">\r\n                        <div class=\"before_title pb_15 d_flex align-items-center\">\r\n                                    <div class=\"icon_box\">\r\n                                                                            <div class=\"icon\">\r\n                                <span class=\"risehand-002-healthcare\"><\/span>\r\n                            <\/div>\r\n                                                                    <\/div>\r\n                                <div class=\"sub_title font_special\">\r\n                    Nous contacter                <\/div>\r\n            <\/div>\r\n                            <h2 class=\"title_no_a_46  mb_0 pb_20\">\r\n                Pr\u00eat \u00e0 nous contacter !\n\u00c9crivez-nous ici            <\/h2>\r\n                            <p class=\"desc_p\">\r\n                \n\n            <\/p>\r\n            <\/div>\r\n\r\n\t\t\t\t<\/div>\n\t\t\t\t<\/div>\n\t\t\t\t<div class=\"elementor-element elementor-element-0baaf29 elementor-widget elementor-widget-text-editor\" data-id=\"0baaf29\" data-element_type=\"widget\" data-e-type=\"widget\" data-widget_type=\"text-editor.default\">\n\t\t\t\t<div class=\"elementor-widget-container\">\n\t\t\t\t\t\t\t\t\t<p>Nous sommes \u00e0 votre disposition pour r\u00e9pondre \u00e0 vos questions, \u00e0 vos pr\u00e9occupations ou pour vous aider \u00e0 vous impliquer dans la Fondation Liam.<\/p>\n<p>Que vous ayez besoin de plus d&#8217;informations sur nos programmes, que vous souhaitiez faire un don ou simplement en savoir plus sur la maladie mitochondriale, nous sommes \u00e0 votre disposition par simple message.<\/p>\n<p>N&#8217;h\u00e9sitez pas \u00e0 nous contacter par courrier \u00e9lectronique, par t\u00e9l\u00e9phone ou en utilisant le formulaire de contact de notre site web.<\/p>\n<p>Votre soutien et vos demandes de renseignements sont essentiels pour nous, et nous nous r\u00e9jouissons d&#8217;entrer en contact avec vous.<\/p>\n\t\t\t\t\t\t\t\t<\/div>\n\t\t\t\t<\/div>\n\t\t\t\t<div class=\"elementor-element elementor-element-c29590e elementor-widget elementor-widget-risehand-contact-box-v1\" data-id=\"c29590e\" data-element_type=\"widget\" data-e-type=\"widget\" data-widget_type=\"risehand-contact-box-v1.default\">\n\t\t\t\t<div class=\"elementor-widget-container\">\n\t\t\t\t\t <div class=\"contact_style_one trans\"><div class=\"contact_box_inner \"> <div class=\"contnet\"><div class=\"font_special\"> Questions g\u00e9n\u00e9rales <\/div> <div class=\"address common\"><div class=\"title_no_a_20\">Nous trouvez<\/div><p>1356 Rue Volta, Boucherville, QC, J4B6G6<\/p> <\/div><div class=\"mail common\"><div class=\"title_no_a_20\">Nous \u00e9crire<\/div><p><a href=\"mailto:contact@liamfoundation.com\">contact@liamfoundation.com<\/a><\/p> <\/div> <div class=\"phone common\"><div class=\"title_no_a_20\">\u00c9crire \u00e0 Kevin<\/div><p><a href=\"tel:kevinjamesreason@liamfoundation.com\">kevinjamesreason@liamfoundation.com<\/a><\/p> <\/div>  <\/div><\/div><\/div>\n\t\t\t\t<\/div>\n\t\t\t\t<\/div>\n\t\t\t\t<div class=\"elementor-element elementor-element-1a7591d elementor-widget elementor-widget-risehand-social-media-v1\" data-id=\"1a7591d\" data-element_type=\"widget\" data-e-type=\"widget\" data-widget_type=\"risehand-social-media-v1.default\">\n\t\t\t\t<div class=\"elementor-widget-container\">\n\t\t\t\t\t  <div class=\"social-icons trans\"> <ul>  <li class=\"trans\">  <small class=\"trans\">Facebook<\/small>  <a href=\"#\" class=\"m_icon\"  target=&quot;_blank&quot;  rel=&quot;nofollow&quot;>   <span class=\"risehand-facebook\"><\/span>   <\/a> <\/li>  <li class=\"trans\">  <small class=\"trans\">Instagram<\/small>  <a href=\"https:\/\/www.instagram.com\/the_liam_foundation\/?hl=fr\" class=\"m_icon\" target=\"_blank\" rel=\"noopener\">   <span class=\"risehand-instagram\"><\/span>   <\/a> <\/li>  <li class=\"trans\">  <small class=\"trans\">Faire un don<\/small>  <a href=\"https:\/\/liamfoundation.com\/fr\/faire-un-don-a-la-fondation-liam\/\" class=\"m_icon\">   <span class=\"risehand-donation\"><\/span>   <\/a> <\/li>   <\/ul><\/div>\n    \t\t\t\t<\/div>\n\t\t\t\t<\/div>\n\t\t\t\t\t<\/div>\n\t\t<\/div>\n\t\t\t\t<div class=\"elementor-column elementor-col-50 elementor-top-column elementor-element elementor-element-506c179\" data-id=\"506c179\" data-element_type=\"column\" data-e-type=\"column\" data-settings=\"{&quot;background_background&quot;:&quot;classic&quot;}\">\n\t\t\t<div class=\"elementor-widget-wrap elementor-element-populated\">\n\t\t\t\t\t\t<div class=\"elementor-element elementor-element-6673f3b elementor-button-align-stretch elementor-widget elementor-widget-form\" data-id=\"6673f3b\" data-element_type=\"widget\" data-e-type=\"widget\" data-settings=\"{&quot;step_next_label&quot;:&quot;Suivant&quot;,&quot;step_previous_label&quot;:&quot;Pr\\u00e9c\\u00e9dent&quot;,&quot;button_width&quot;:&quot;100&quot;,&quot;step_type&quot;:&quot;number_text&quot;,&quot;step_icon_shape&quot;:&quot;circle&quot;}\" data-widget_type=\"form.default\">\n\t\t\t\t<div class=\"elementor-widget-container\">\n\t\t\t\t\t\t\t<form class=\"elementor-form\" method=\"post\" id=\"Liam_Form_v2\" name=\"Nouveau formulaire\" aria-label=\"Nouveau formulaire\">\n\t\t\t<input type=\"hidden\" name=\"post_id\" value=\"7522\"\/>\n\t\t\t<input type=\"hidden\" name=\"form_id\" value=\"6673f3b\"\/>\n\t\t\t<input type=\"hidden\" name=\"referer_title\" value=\"\" \/>\n\n\t\t\t\n\t\t\t<div class=\"elementor-form-fields-wrapper elementor-labels-\">\n\t\t\t\t\t\t\t\t<div class=\"elementor-field-type-text elementor-field-group elementor-column elementor-field-group-name elementor-col-50 elementor-field-required\">\n\t\t\t\t\t\t\t\t\t\t\t\t<label for=\"form-field-name\" class=\"elementor-field-label elementor-screen-only\">\n\t\t\t\t\t\t\t\tPr\u00e9nom\t\t\t\t\t\t\t<\/label>\n\t\t\t\t\t\t\t\t\t\t\t\t\t\t<input size=\"1\" type=\"text\" name=\"form_fields[name]\" id=\"form-field-name\" class=\"elementor-field elementor-size-sm  elementor-field-textual\" placeholder=\"Pr\u00e9nom*\" required=\"required\">\n\t\t\t\t\t\t\t\t\t\t\t<\/div>\n\t\t\t\t\t\t\t\t<div class=\"elementor-field-type-text elementor-field-group elementor-column elementor-field-group-field_53b64bf elementor-col-50\">\n\t\t\t\t\t\t\t\t\t\t\t\t<label for=\"form-field-field_53b64bf\" class=\"elementor-field-label elementor-screen-only\">\n\t\t\t\t\t\t\t\tNom de famille\t\t\t\t\t\t\t<\/label>\n\t\t\t\t\t\t\t\t\t\t\t\t\t\t<input size=\"1\" type=\"text\" name=\"form_fields[field_53b64bf]\" id=\"form-field-field_53b64bf\" class=\"elementor-field elementor-size-sm  elementor-field-textual\" placeholder=\"Nom de famille\">\n\t\t\t\t\t\t\t\t\t\t\t<\/div>\n\t\t\t\t\t\t\t\t<div class=\"elementor-field-type-email elementor-field-group elementor-column elementor-field-group-email elementor-col-50 elementor-field-required\">\n\t\t\t\t\t\t\t\t\t\t\t\t<label for=\"form-field-email\" class=\"elementor-field-label elementor-screen-only\">\n\t\t\t\t\t\t\t\tCourriel\t\t\t\t\t\t\t<\/label>\n\t\t\t\t\t\t\t\t\t\t\t\t\t\t<input size=\"1\" type=\"email\" name=\"form_fields[email]\" id=\"form-field-email\" class=\"elementor-field elementor-size-sm  elementor-field-textual\" placeholder=\"Votre email*\" required=\"required\">\n\t\t\t\t\t\t\t\t\t\t\t<\/div>\n\t\t\t\t\t\t\t\t<div class=\"elementor-field-type-tel elementor-field-group elementor-column elementor-field-group-field_95d6f56 elementor-col-50\">\n\t\t\t\t\t\t\t\t\t\t\t\t<label for=\"form-field-field_95d6f56\" class=\"elementor-field-label elementor-screen-only\">\n\t\t\t\t\t\t\t\tT\u00e9l\u00e9phone  \t\t\t\t\t\t\t<\/label>\n\t\t\t\t\t\t\t\t<input size=\"1\" type=\"tel\" name=\"form_fields[field_95d6f56]\" id=\"form-field-field_95d6f56\" class=\"elementor-field elementor-size-sm  elementor-field-textual\" placeholder=\"Num\u00e9ro de t\u00e9l\u00e9phone\" pattern=\"[0-9()#&amp;+*-=.]+\" title=\"Seuls les caract\u00e8res de num\u00e9ros de t\u00e9l\u00e9phone (#, -, *, etc.) sont accept\u00e9s.\">\n\n\t\t\t\t\t\t<\/div>\n\t\t\t\t\t\t\t\t<div class=\"elementor-field-type-text elementor-field-group elementor-column elementor-field-group-field_9d6974b elementor-col-100\">\n\t\t\t\t\t\t\t\t\t\t\t\t<label for=\"form-field-field_9d6974b\" class=\"elementor-field-label elementor-screen-only\">\n\t\t\t\t\t\t\t\tQuestion\t\t\t\t\t\t\t<\/label>\n\t\t\t\t\t\t\t\t\t\t\t\t\t\t<input size=\"1\" type=\"text\" name=\"form_fields[field_9d6974b]\" id=\"form-field-field_9d6974b\" class=\"elementor-field elementor-size-sm  elementor-field-textual\" placeholder=\"Votre question ou le sujet de votre demande\">\n\t\t\t\t\t\t\t\t\t\t\t<\/div>\n\t\t\t\t\t\t\t\t<div class=\"elementor-field-type-textarea elementor-field-group elementor-column elementor-field-group-message elementor-col-100\">\n\t\t\t\t\t\t\t\t\t\t\t\t<label for=\"form-field-message\" class=\"elementor-field-label elementor-screen-only\">\n\t\t\t\t\t\t\t\tMessage\t\t\t\t\t\t\t<\/label>\n\t\t\t\t\t\t<textarea class=\"elementor-field-textual elementor-field  elementor-size-sm\" name=\"form_fields[message]\" id=\"form-field-message\" rows=\"4\" placeholder=\"Message\"><\/textarea>\t\t\t\t<\/div>\n\t\t\t\t\t\t\t\t<div class=\"elementor-field-type-recaptcha_v3 elementor-field-group elementor-column elementor-field-group-field_07d9d8b elementor-col-100 recaptcha_v3-bottomright\">\n\t\t\t\t\t<div class=\"elementor-field\" id=\"form-field-field_07d9d8b\"><div class=\"elementor-g-recaptcha\" data-sitekey=\"6LctsL4qAAAAAMtOJ7IAlG6Ld6Jn74RhR3G--7j3\" data-type=\"v3\" data-action=\"Form\" data-badge=\"bottomright\" data-size=\"invisible\"><\/div><\/div>\t\t\t\t<\/div>\n\t\t\t\t\t\t\t\t<div class=\"elementor-field-group elementor-column elementor-field-type-submit elementor-col-100 e-form__buttons\">\n\t\t\t\t\t<button class=\"elementor-button elementor-size-sm\" type=\"submit\">\n\t\t\t\t\t\t<span class=\"elementor-button-content-wrapper\">\n\t\t\t\t\t\t\t\t\t\t\t\t\t\t\t\t\t\t\t\t\t\t<span class=\"elementor-button-text\">Envoyer<\/span>\n\t\t\t\t\t\t\t\t\t\t\t\t\t<\/span>\n\t\t\t\t\t<\/button>\n\t\t\t\t<\/div>\n\t\t\t<\/div>\n\t\t<\/form>\n\t\t\t\t\t\t<\/div>\n\t\t\t\t<\/div>\n\t\t\t\t<div class=\"elementor-element elementor-element-9eb68a5 elementor-absolute elementor-widget elementor-widget-image\" data-id=\"9eb68a5\" data-element_type=\"widget\" data-e-type=\"widget\" data-settings=\"{&quot;_position&quot;:&quot;absolute&quot;}\" data-widget_type=\"image.default\">\n\t\t\t\t<div class=\"elementor-widget-container\">\n\t\t\t\t\t\t\t\t\t\t\t\t\t\t\t<img fetchpriority=\"high\" decoding=\"async\" width=\"801\" height=\"707\" src=\"https:\/\/liamfoundation.com\/wp-content\/uploads\/2024\/01\/contact-pat-1-1.png\" class=\"attachment-large size-large wp-image-1430\" alt=\"\" srcset=\"https:\/\/liamfoundation.com\/wp-content\/uploads\/2024\/01\/contact-pat-1-1.png 801w, https:\/\/liamfoundation.com\/wp-content\/uploads\/2024\/01\/contact-pat-1-1-600x530.png 600w, https:\/\/liamfoundation.com\/wp-content\/uploads\/2024\/01\/contact-pat-1-1-300x265.png 300w, https:\/\/liamfoundation.com\/wp-content\/uploads\/2024\/01\/contact-pat-1-1-768x678.png 768w\" sizes=\"(max-width: 801px) 100vw, 801px\" \/>\t\t\t\t\t\t\t\t\t\t\t\t\t\t\t<\/div>\n\t\t\t\t<\/div>\n\t\t\t\t\t<\/div>\n\t\t<\/div>\n\t\t\t\t\t<\/div>\n\t\t<\/section>\n\t\t\t\t<\/div>\n\t\t","protected":false},"excerpt":{"rendered":"<p>Nous contacter Pr\u00eat \u00e0 nous contacter ! \u00c9crivez-nous ici Nous sommes \u00e0 votre disposition pour r\u00e9pondre \u00e0 vos questions, \u00e0 vos pr\u00e9occupations ou pour vous aider \u00e0 vous impliquer dans [&hellip;]<\/p>\n","protected":false},"author":1,"featured_media":0,"parent":0,"menu_order":0,"comment_status":"closed","ping_status":"closed","template":"template-fullwidth.php","meta":{"footnotes":""},"class_list":["post-7522","page","type-page","status-publish","hentry"],"_links":{"self":[{"href":"https:\/\/liamfoundation.com\/fr\/wp-json\/wp\/v2\/pages\/7522","targetHints":{"allow":["GET"]}}],"collection":[{"href":"https:\/\/liamfoundation.com\/fr\/wp-json\/wp\/v2\/pages"}],"about":[{"href":"https:\/\/liamfoundation.com\/fr\/wp-json\/wp\/v2\/types\/page"}],"author":[{"embeddable":true,"href":"https:\/\/liamfoundation.com\/fr\/wp-json\/wp\/v2\/users\/1"}],"replies":[{"embeddable":true,"href":"https:\/\/liamfoundation.com\/fr\/wp-json\/wp\/v2\/comments?post=7522"}],"version-history":[{"count":16,"href":"https:\/\/liamfoundation.com\/fr\/wp-json\/wp\/v2\/pages\/7522\/revisions"}],"predecessor-version":[{"id":7994,"href":"https:\/\/liamfoundation.com\/fr\/wp-json\/wp\/v2\/pages\/7522\/revisions\/7994"}],"wp:attachment":[{"href":"https:\/\/liamfoundation.com\/fr\/wp-json\/wp\/v2\/media?parent=7522"}],"curies":[{"name":"wp","href":"https:\/\/api.w.org\/{rel}","templated":true}]}}