{"id":7508,"date":"2024-01-19T07:23:44","date_gmt":"2024-01-19T12:23:44","guid":{"rendered":"https:\/\/liamfoundation.com\/dernieres-nouvelles-et-blog\/"},"modified":"2024-12-10T23:04:45","modified_gmt":"2024-12-11T04:04:45","slug":"dernieres-nouvelles-et-blog","status":"publish","type":"page","link":"https:\/\/liamfoundation.com\/fr\/dernieres-nouvelles-et-blog\/","title":{"rendered":"Derni\u00e8res nouvelles et blog"},"content":{"rendered":"\t\t<div data-elementor-type=\"wp-page\" data-elementor-id=\"7508\" class=\"elementor elementor-7508\" data-elementor-post-type=\"page\">\n\t\t\t\t\t\t<section class=\"elementor-section elementor-top-section elementor-element elementor-element-8436fe8 elementor-section-full_width elementor-section-height-default elementor-section-height-default\" data-id=\"8436fe8\" data-element_type=\"section\" data-e-type=\"section\">\n\t\t\t\t\t\t<div class=\"elementor-container elementor-column-gap-no\">\n\t\t\t\t\t<div class=\"elementor-column elementor-col-100 elementor-top-column elementor-element elementor-element-29a700c\" data-id=\"29a700c\" data-element_type=\"column\" data-e-type=\"column\">\n\t\t\t<div class=\"elementor-widget-wrap elementor-element-populated\">\n\t\t\t\t\t\t<div class=\"elementor-element elementor-element-241c38a elementor-widget elementor-widget-risehand-blog-post-v1\" data-id=\"241c38a\" data-element_type=\"widget\" data-e-type=\"widget\" data-widget_type=\"risehand-blog-post-v1.default\">\n\t\t\t\t<div class=\"elementor-widget-container\">\n\t\t\t\t\t<section class=\"blog_post_section comment_enable\"> <div class=\"row \">      <div class=\"col-xl-6 col-lg-6 col-md-6 col-sm-6  \">    <div class=\"blog-style_7 trans mb_40 has_images \">  <div class=\"image-box img_obj_fit_center\"> <a href=\"https:\/\/liamfoundation.com\/fr\/maladie-mitochondriale-troubles-genetiques\/\" class=\"img_link\"> <img fetchpriority=\"high\" decoding=\"async\" width=\"2560\" height=\"1429\" src=\"https:\/\/liamfoundation.com\/wp-content\/uploads\/2025\/06\/3e5a6cae-d467-4d0a-9117-2bf024c4446a_0-scaled.jpg\" class=\"attachment-risehand-image-370-320 trans size-risehand-image-370-320 trans wp-post-image\" alt=\"Mitochondrial disease, Genetic, Maladie mitochondriale\"   \/> <\/a>  <a href=\"https:\/\/liamfoundation.com\/fr\/category\/leducation\/\" class=\"cat_gry\">L&#039;\u00e9ducation<\/a>  <\/div>  <div class=\"content_box trans\">  <div class=\"d-flex\">  <span class=\"date_tm\"><time class=\"date published font_special\" datetime=\"2025-06-10T06:41:55-04:00\"><i class=\"risehand-calendar5 mr-5\"><\/i>juin 10, 2025<\/time><\/span>   <small class=\"comments\"> <i class=\"risehand-bubble\"><\/i>\r\n    <span class=\"Comments are Closed\">Commentaires ferm\u00e9s<span class=\"screen-reader-text\"> sur Maladie mitochondriale : Troubles g\u00e9n\u00e9tiques de l&#8217;\u00e9nergie<\/span><\/span><\/small>\r\n  <\/div>  <div class=\"title_22 mb_0\"><a href=\"https:\/\/liamfoundation.com\/fr\/maladie-mitochondriale-troubles-genetiques\/\" class=\"trim-3 mb_0\">Maladie mitochondriale : Troubles g\u00e9n\u00e9tiques de l&#8217;\u00e9nergie<\/a><\/div>  <p class=\"des_cription mt_15 mb_0\">R\u00e9sum\u00e9 rapide : Ce qu&#8217;il faut retenir : Les maladies mitochondriales sont des troubles g\u00e9n\u00e9tiques\u2026<\/p>  <div class=\"mt_10\"> <a class=\"text_btn trans\" href=\"https:\/\/liamfoundation.com\/fr\/maladie-mitochondriale-troubles-genetiques\/\"> <small>Read more<\/small> <\/a> <\/div> <\/div> <\/div>\n     <\/div>       <div class=\"col-xl-6 col-lg-6 col-md-6 col-sm-6  \">    <div class=\"blog-style_7 trans mb_40 has_images \">  <div class=\"image-box img_obj_fit_center\"> <a href=\"https:\/\/liamfoundation.com\/fr\/dysfonctionnement-mitochondrial-dans-les-phases-aigues-et-post-aigues-du-covid-19\/\" class=\"img_link\"> <img decoding=\"async\" width=\"685\" height=\"537\" data-src=\"https:\/\/liamfoundation.com\/wp-content\/uploads\/2024\/12\/Mitochondrial-Dysfunction-News.webp\" class=\"attachment-risehand-image-370-320 trans size-risehand-image-370-320 trans wp-post-image lazyload\" alt=\"\" src=\"data:image\/svg+xml;base64,PHN2ZyB3aWR0aD0iMSIgaGVpZ2h0PSIxIiB4bWxucz0iaHR0cDovL3d3dy53My5vcmcvMjAwMC9zdmciPjwvc3ZnPg==\" style=\"--smush-placeholder-width: 685px; --smush-placeholder-aspect-ratio: 685\/537;\" \/> <\/a>  <a href=\"https:\/\/liamfoundation.com\/fr\/category\/recherche\/\" class=\"cat_gry\">Recherche<\/a>  <\/div>  <div class=\"content_box trans\">  <div class=\"d-flex\">  <span class=\"date_tm\"><time class=\"date published font_special\" datetime=\"2024-12-08T13:33:42-05:00\"><i class=\"risehand-calendar5 mr-5\"><\/i>d\u00e9cembre 8, 2024<\/time><\/span>   <small class=\"comments\"> <i class=\"risehand-bubble\"><\/i>\r\n    <span class=\"Comments are Closed\">Commentaires ferm\u00e9s<span class=\"screen-reader-text\"> sur Dysfonctionnement mitochondrial dans les phases aigu\u00ebs et post-aigu\u00ebs du COVID-19<\/span><\/span><\/small>\r\n  <\/div>  <div class=\"title_22 mb_0\"><a href=\"https:\/\/liamfoundation.com\/fr\/dysfonctionnement-mitochondrial-dans-les-phases-aigues-et-post-aigues-du-covid-19\/\" class=\"trim-3 mb_0\">Dysfonctionnement mitochondrial dans les phases aigu\u00ebs et post-aigu\u00ebs du COVID-19<\/a><\/div>  <p class=\"des_cription mt_15 mb_0\">La pand\u00e9mie de COVID-19, caus\u00e9e par le virus SARS-CoV-2, a entra\u00een\u00e9 d&#8217;importants probl\u00e8mes de sant\u00e9\u2026<\/p>  <div class=\"mt_10\"> <a class=\"text_btn trans\" href=\"https:\/\/liamfoundation.com\/fr\/dysfonctionnement-mitochondrial-dans-les-phases-aigues-et-post-aigues-du-covid-19\/\"> <small>Read more<\/small> <\/a> <\/div> <\/div> <\/div>\n     <\/div>       <div class=\"col-xl-6 col-lg-6 col-md-6 col-sm-6  \">    <div class=\"blog-style_7 trans mb_40 has_images \">  <div class=\"image-box img_obj_fit_center\"> <a href=\"https:\/\/liamfoundation.com\/fr\/premiere-therapie-efficace-pour-le-traitement-de-maladies-mitochondriales-neurodegeneratives-rares\/\" class=\"img_link\"> <img decoding=\"async\" width=\"2252\" height=\"1400\" data-src=\"https:\/\/liamfoundation.com\/wp-content\/uploads\/2024\/12\/First-Effective-Therapy-for-Rare-Neurodegenerative-Mitochondrial-Diseases-Treatment-min.webp\" class=\"attachment-risehand-image-370-320 trans size-risehand-image-370-320 trans wp-post-image lazyload\" alt=\"\" src=\"data:image\/svg+xml;base64,PHN2ZyB3aWR0aD0iMSIgaGVpZ2h0PSIxIiB4bWxucz0iaHR0cDovL3d3dy53My5vcmcvMjAwMC9zdmciPjwvc3ZnPg==\" style=\"--smush-placeholder-width: 2252px; --smush-placeholder-aspect-ratio: 2252\/1400;\" \/> <\/a>  <a href=\"https:\/\/liamfoundation.com\/fr\/category\/recherche\/\" class=\"cat_gry\">Recherche<\/a>  <\/div>  <div class=\"content_box trans\">  <div class=\"d-flex\">  <span class=\"date_tm\"><time class=\"date published font_special\" datetime=\"2024-12-01T16:03:39-05:00\"><i class=\"risehand-calendar5 mr-5\"><\/i>d\u00e9cembre 1, 2024<\/time><\/span>   <small class=\"comments\"> <i class=\"risehand-bubble\"><\/i>\r\n    <span class=\"Comments are Closed\">Commentaires ferm\u00e9s<span class=\"screen-reader-text\"> sur Premi\u00e8re th\u00e9rapie efficace pour le traitement de maladies mitochondriales neurod\u00e9g\u00e9n\u00e9ratives rares<\/span><\/span><\/small>\r\n  <\/div>  <div class=\"title_22 mb_0\"><a href=\"https:\/\/liamfoundation.com\/fr\/premiere-therapie-efficace-pour-le-traitement-de-maladies-mitochondriales-neurodegeneratives-rares\/\" class=\"trim-3 mb_0\">Premi\u00e8re th\u00e9rapie efficace pour le traitement de maladies mitochondriales neurod\u00e9g\u00e9n\u00e9ratives rares<\/a><\/div>  <p class=\"des_cription mt_15 mb_0\">Un essai clinique r\u00e9volutionnaire men\u00e9 par l&#8217;Institut de recherche du Centre universitaire de sant\u00e9 McGill\u2026<\/p>  <div class=\"mt_10\"> <a class=\"text_btn trans\" href=\"https:\/\/liamfoundation.com\/fr\/premiere-therapie-efficace-pour-le-traitement-de-maladies-mitochondriales-neurodegeneratives-rares\/\"> <small>Read more<\/small> <\/a> <\/div> <\/div> <\/div>\n     <\/div>       <div class=\"col-xl-6 col-lg-6 col-md-6 col-sm-6  \">    <div class=\"blog-style_7 trans mb_40 has_images \">  <div class=\"image-box img_obj_fit_center\"> <a href=\"https:\/\/liamfoundation.com\/fr\/decouvrir-les-fondements-genetiques-du-syndrome-de-depletion-de-ladn-mitochondrial-le-role-de-micos10\/\" class=\"img_link\"> <img decoding=\"async\" width=\"2560\" height=\"1440\" data-src=\"https:\/\/liamfoundation.com\/wp-content\/uploads\/2024\/11\/a-genetic-key-to-under-min-scaled.webp\" class=\"attachment-risehand-image-370-320 trans size-risehand-image-370-320 trans wp-post-image lazyload\" alt=\"\" src=\"data:image\/svg+xml;base64,PHN2ZyB3aWR0aD0iMSIgaGVpZ2h0PSIxIiB4bWxucz0iaHR0cDovL3d3dy53My5vcmcvMjAwMC9zdmciPjwvc3ZnPg==\" style=\"--smush-placeholder-width: 2560px; --smush-placeholder-aspect-ratio: 2560\/1440;\" \/> <\/a>  <a href=\"https:\/\/liamfoundation.com\/fr\/category\/recherche\/\" class=\"cat_gry\">Recherche<\/a>  <\/div>  <div class=\"content_box trans\">  <div class=\"d-flex\">  <span class=\"date_tm\"><time class=\"date published font_special\" datetime=\"2024-11-28T12:15:26-05:00\"><i class=\"risehand-calendar5 mr-5\"><\/i>novembre 28, 2024<\/time><\/span>   <small class=\"comments\"> <i class=\"risehand-bubble\"><\/i>\r\n    <span class=\"Comments are Closed\">Commentaires ferm\u00e9s<span class=\"screen-reader-text\"> sur D\u00e9couvrir les fondements g\u00e9n\u00e9tiques du syndrome de d\u00e9pl\u00e9tion de l&#8217;ADN mitochondrial : Le r\u00f4le de MICOS10<\/span><\/span><\/small>\r\n  <\/div>  <div class=\"title_22 mb_0\"><a href=\"https:\/\/liamfoundation.com\/fr\/decouvrir-les-fondements-genetiques-du-syndrome-de-depletion-de-ladn-mitochondrial-le-role-de-micos10\/\" class=\"trim-3 mb_0\">D\u00e9couvrir les fondements g\u00e9n\u00e9tiques du syndrome de d\u00e9pl\u00e9tion de l&#8217;ADN mitochondrial : Le r\u00f4le de MICOS10<\/a><\/div>  <p class=\"des_cription mt_15 mb_0\">Le syndrome de d\u00e9pl\u00e9tion de l&#8217;ADN mitochondrial englobe un groupe de maladies g\u00e9n\u00e9tiques rares caract\u00e9ris\u00e9es\u2026<\/p>  <div class=\"mt_10\"> <a class=\"text_btn trans\" href=\"https:\/\/liamfoundation.com\/fr\/decouvrir-les-fondements-genetiques-du-syndrome-de-depletion-de-ladn-mitochondrial-le-role-de-micos10\/\"> <small>Read more<\/small> <\/a> <\/div> <\/div> <\/div>\n     <\/div>       <div class=\"col-xl-6 col-lg-6 col-md-6 col-sm-6  \">    <div class=\"blog-style_7 trans mb_40 has_images \">  <div class=\"image-box img_obj_fit_center\"> <a href=\"https:\/\/liamfoundation.com\/fr\/the-liam-foundation-donner-du-pouvoir-aux-familles-confrontees-a-la-maladie-mitochondriale\/\" class=\"img_link\"> <img decoding=\"async\" width=\"1344\" height=\"896\" data-src=\"https:\/\/liamfoundation.com\/wp-content\/uploads\/2024\/10\/mitochondrial_disease_family_support_2687.jpg\" class=\"attachment-risehand-image-370-320 trans size-risehand-image-370-320 trans wp-post-image lazyload\" alt=\"\" src=\"data:image\/svg+xml;base64,PHN2ZyB3aWR0aD0iMSIgaGVpZ2h0PSIxIiB4bWxucz0iaHR0cDovL3d3dy53My5vcmcvMjAwMC9zdmciPjwvc3ZnPg==\" style=\"--smush-placeholder-width: 1344px; --smush-placeholder-aspect-ratio: 1344\/896;\" \/> <\/a>  <a href=\"https:\/\/liamfoundation.com\/fr\/category\/sante\/\" class=\"cat_gry\">Sant\u00e9<\/a>  <\/div>  <div class=\"content_box trans\">  <div class=\"d-flex\">  <span class=\"date_tm\"><time class=\"date published font_special\" datetime=\"2024-10-21T13:31:00-04:00\"><i class=\"risehand-calendar5 mr-5\"><\/i>octobre 21, 2024<\/time><\/span>   <small class=\"comments\"> <i class=\"risehand-bubble\"><\/i>\r\n    <span class=\"Comments are Closed\">Commentaires ferm\u00e9s<span class=\"screen-reader-text\"> sur La Fondation Liam : Donner du pouvoir aux familles confront\u00e9es \u00e0 la maladie mitochondriale<\/span><\/span><\/small>\r\n  <\/div>  <div class=\"title_22 mb_0\"><a href=\"https:\/\/liamfoundation.com\/fr\/the-liam-foundation-donner-du-pouvoir-aux-familles-confrontees-a-la-maladie-mitochondriale\/\" class=\"trim-3 mb_0\">La Fondation Liam : Donner du pouvoir aux familles confront\u00e9es \u00e0 la maladie mitochondriale<\/a><\/div>  <p class=\"des_cription mt_15 mb_0\">La Fondation Liam est une lueur d&#8217;espoir pour les familles confront\u00e9es aux d\u00e9fis de la\u2026<\/p>  <div class=\"mt_10\"> <a class=\"text_btn trans\" href=\"https:\/\/liamfoundation.com\/fr\/the-liam-foundation-donner-du-pouvoir-aux-familles-confrontees-a-la-maladie-mitochondriale\/\"> <small>Read more<\/small> <\/a> <\/div> <\/div> <\/div>\n     <\/div>       <div class=\"col-xl-6 col-lg-6 col-md-6 col-sm-6  \">    <div class=\"blog-style_7 trans mb_40 has_images \">  <div class=\"image-box img_obj_fit_center\"> <a href=\"https:\/\/liamfoundation.com\/fr\/traitements-revolutionnaires-pour-les-maladies-mitochondriales-de-nouvelles-recherches-offrent-de-lespoir-aux-patients\/\" class=\"img_link\"> <img decoding=\"async\" width=\"1344\" height=\"896\" data-src=\"https:\/\/liamfoundation.com\/wp-content\/uploads\/2024\/10\/new_mitochondrial_disease_therapies_3983.jpg\" class=\"attachment-risehand-image-370-320 trans size-risehand-image-370-320 trans wp-post-image lazyload\" alt=\"\" src=\"data:image\/svg+xml;base64,PHN2ZyB3aWR0aD0iMSIgaGVpZ2h0PSIxIiB4bWxucz0iaHR0cDovL3d3dy53My5vcmcvMjAwMC9zdmciPjwvc3ZnPg==\" style=\"--smush-placeholder-width: 1344px; --smush-placeholder-aspect-ratio: 1344\/896;\" \/> <\/a>  <a href=\"https:\/\/liamfoundation.com\/fr\/category\/recherche\/\" class=\"cat_gry\">Recherche<\/a>  <\/div>  <div class=\"content_box trans\">  <div class=\"d-flex\">  <span class=\"date_tm\"><time class=\"date published font_special\" datetime=\"2024-09-18T11:11:00-04:00\"><i class=\"risehand-calendar5 mr-5\"><\/i>septembre 18, 2024<\/time><\/span>   <small class=\"comments\"> <i class=\"risehand-bubble\"><\/i>\r\n    <span class=\"Comments are Closed\">Commentaires ferm\u00e9s<span class=\"screen-reader-text\"> sur Traitements r\u00e9volutionnaires pour les maladies mitochondriales : De nouvelles recherches offrent de l&#8217;espoir aux patients<\/span><\/span><\/small>\r\n  <\/div>  <div class=\"title_22 mb_0\"><a href=\"https:\/\/liamfoundation.com\/fr\/traitements-revolutionnaires-pour-les-maladies-mitochondriales-de-nouvelles-recherches-offrent-de-lespoir-aux-patients\/\" class=\"trim-3 mb_0\">Traitements r\u00e9volutionnaires pour les maladies mitochondriales : De nouvelles recherches offrent de l&#8217;espoir aux patients<\/a><\/div>  <p class=\"des_cription mt_15 mb_0\">Les traitements des maladies mitochondriales constituent depuis longtemps un d\u00e9fi pour la recherche m\u00e9dicale. Alors\u2026<\/p>  <div class=\"mt_10\"> <a class=\"text_btn trans\" href=\"https:\/\/liamfoundation.com\/fr\/traitements-revolutionnaires-pour-les-maladies-mitochondriales-de-nouvelles-recherches-offrent-de-lespoir-aux-patients\/\"> <small>Read more<\/small> <\/a> <\/div> <\/div> <\/div>\n     <\/div>       <div class=\"col-xl-6 col-lg-6 col-md-6 col-sm-6  \">    <div class=\"blog-style_7 trans mb_40 has_images \">  <div class=\"image-box img_obj_fit_center\"> <a href=\"https:\/\/liamfoundation.com\/fr\/reconnaitre-une-maladie-mitochondriale-principaux-symptomes-et-signes-dalerte-a-surveiller\/\" class=\"img_link\"> <img decoding=\"async\" width=\"1344\" height=\"896\" data-src=\"https:\/\/liamfoundation.com\/wp-content\/uploads\/2024\/10\/mitochondrial_disease_symptoms_2447.jpg\" class=\"attachment-risehand-image-370-320 trans size-risehand-image-370-320 trans wp-post-image lazyload\" alt=\"\" src=\"data:image\/svg+xml;base64,PHN2ZyB3aWR0aD0iMSIgaGVpZ2h0PSIxIiB4bWxucz0iaHR0cDovL3d3dy53My5vcmcvMjAwMC9zdmciPjwvc3ZnPg==\" style=\"--smush-placeholder-width: 1344px; --smush-placeholder-aspect-ratio: 1344\/896;\" \/> <\/a>  <a href=\"https:\/\/liamfoundation.com\/fr\/category\/sante\/\" class=\"cat_gry\">Sant\u00e9<\/a>  <\/div>  <div class=\"content_box trans\">  <div class=\"d-flex\">  <span class=\"date_tm\"><time class=\"date published font_special\" datetime=\"2024-09-06T16:11:00-04:00\"><i class=\"risehand-calendar5 mr-5\"><\/i>septembre 6, 2024<\/time><\/span>   <small class=\"comments\"> <i class=\"risehand-bubble\"><\/i>\r\n    <span class=\"Comments are Closed\">Commentaires ferm\u00e9s<span class=\"screen-reader-text\"> sur Reconna\u00eetre une maladie mitochondriale : Principaux sympt\u00f4mes et signes d&#8217;alerte \u00e0 surveiller<\/span><\/span><\/small>\r\n  <\/div>  <div class=\"title_22 mb_0\"><a href=\"https:\/\/liamfoundation.com\/fr\/reconnaitre-une-maladie-mitochondriale-principaux-symptomes-et-signes-dalerte-a-surveiller\/\" class=\"trim-3 mb_0\">Reconna\u00eetre une maladie mitochondriale : Principaux sympt\u00f4mes et signes d&#8217;alerte \u00e0 surveiller<\/a><\/div>  <p class=\"des_cription mt_15 mb_0\">Les sympt\u00f4mes de la maladie mitochondriale sont des troubles complexes qui peuvent affecter des personnes\u2026<\/p>  <div class=\"mt_10\"> <a class=\"text_btn trans\" href=\"https:\/\/liamfoundation.com\/fr\/reconnaitre-une-maladie-mitochondriale-principaux-symptomes-et-signes-dalerte-a-surveiller\/\"> <small>Read more<\/small> <\/a> <\/div> <\/div> <\/div>\n     <\/div>       <div class=\"col-xl-6 col-lg-6 col-md-6 col-sm-6  \">    <div class=\"blog-style_7 trans mb_40 has_images \">  <div class=\"image-box img_obj_fit_center\"> <a href=\"https:\/\/liamfoundation.com\/fr\/avancees-de-la-recherche-sur-les-maladies-mitochondriales-quest-ce-qui-se-profile-a-lhorizon\/\" class=\"img_link\"> <img decoding=\"async\" width=\"1920\" height=\"1080\" data-src=\"https:\/\/liamfoundation.com\/wp-content\/uploads\/2023\/12\/Advances-in-Mitochondrial-Disease-Research-Whats-on-the-Horizon-min.webp\" class=\"attachment-risehand-image-370-320 trans size-risehand-image-370-320 trans wp-post-image lazyload\" alt=\"\" src=\"data:image\/svg+xml;base64,PHN2ZyB3aWR0aD0iMSIgaGVpZ2h0PSIxIiB4bWxucz0iaHR0cDovL3d3dy53My5vcmcvMjAwMC9zdmciPjwvc3ZnPg==\" style=\"--smush-placeholder-width: 1920px; --smush-placeholder-aspect-ratio: 1920\/1080;\" \/> <\/a>  <a href=\"https:\/\/liamfoundation.com\/fr\/category\/leducation\/\" class=\"cat_gry\">L&#039;\u00e9ducation<\/a>  <\/div>  <div class=\"content_box trans\">  <div class=\"d-flex\">  <span class=\"date_tm\"><time class=\"date published font_special\" datetime=\"2024-08-26T17:18:17-04:00\"><i class=\"risehand-calendar5 mr-5\"><\/i>ao\u00fbt 26, 2024<\/time><\/span>   <small class=\"comments\"> <i class=\"risehand-bubble\"><\/i>\r\n    <span class=\"Comments are Closed\">Commentaires ferm\u00e9s<span class=\"screen-reader-text\"> sur Avanc\u00e9es de la recherche sur les maladies mitochondriales : Qu&#8217;est-ce qui se profile \u00e0 l&#8217;horizon ?<\/span><\/span><\/small>\r\n  <\/div>  <div class=\"title_22 mb_0\"><a href=\"https:\/\/liamfoundation.com\/fr\/avancees-de-la-recherche-sur-les-maladies-mitochondriales-quest-ce-qui-se-profile-a-lhorizon\/\" class=\"trim-3 mb_0\">Avanc\u00e9es de la recherche sur les maladies mitochondriales : Qu&#8217;est-ce qui se profile \u00e0 l&#8217;horizon ?<\/a><\/div>  <p class=\"des_cription mt_15 mb_0\">Pour comprendre l&#039;importance des r\u00e9centes avanc\u00e9es de la recherche sur la maladie mitochondriale, il est\u2026<\/p>  <div class=\"mt_10\"> <a class=\"text_btn trans\" href=\"https:\/\/liamfoundation.com\/fr\/avancees-de-la-recherche-sur-les-maladies-mitochondriales-quest-ce-qui-se-profile-a-lhorizon\/\"> <small>Read more<\/small> <\/a> <\/div> <\/div> <\/div>\n     <\/div>       <div class=\"col-xl-6 col-lg-6 col-md-6 col-sm-6  \">    <div class=\"blog-style_7 trans mb_40 has_images \">  <div class=\"image-box img_obj_fit_center\"> <a href=\"https:\/\/liamfoundation.com\/fr\/comprendre-les-bases-genetiques-de-la-maladie-mitochondriale\/\" class=\"img_link\"> <img decoding=\"async\" width=\"1920\" height=\"1080\" data-src=\"https:\/\/liamfoundation.com\/wp-content\/uploads\/2023\/12\/Understanding-the-Genetic-Basis-of-Mitochondrial-Disease-min.webp\" class=\"attachment-risehand-image-370-320 trans size-risehand-image-370-320 trans wp-post-image lazyload\" alt=\"\" src=\"data:image\/svg+xml;base64,PHN2ZyB3aWR0aD0iMSIgaGVpZ2h0PSIxIiB4bWxucz0iaHR0cDovL3d3dy53My5vcmcvMjAwMC9zdmciPjwvc3ZnPg==\" style=\"--smush-placeholder-width: 1920px; --smush-placeholder-aspect-ratio: 1920\/1080;\" \/> <\/a>  <a href=\"https:\/\/liamfoundation.com\/fr\/category\/recherche\/\" class=\"cat_gry\">Recherche<\/a>  <\/div>  <div class=\"content_box trans\">  <div class=\"d-flex\">  <span class=\"date_tm\"><time class=\"date published font_special\" datetime=\"2024-08-26T14:07:02-04:00\"><i class=\"risehand-calendar5 mr-5\"><\/i>ao\u00fbt 26, 2024<\/time><\/span>   <small class=\"comments\"> <i class=\"risehand-bubble\"><\/i>\r\n    <span class=\"Comments are Closed\">Commentaires ferm\u00e9s<span class=\"screen-reader-text\"> sur Comprendre les bases g\u00e9n\u00e9tiques de la maladie mitochondriale<\/span><\/span><\/small>\r\n  <\/div>  <div class=\"title_22 mb_0\"><a href=\"https:\/\/liamfoundation.com\/fr\/comprendre-les-bases-genetiques-de-la-maladie-mitochondriale\/\" class=\"trim-3 mb_0\">Comprendre les bases g\u00e9n\u00e9tiques de la maladie mitochondriale<\/a><\/div>  <p class=\"des_cription mt_15 mb_0\">Comprendre la base g\u00e9n\u00e9tique de la maladie mitochondriale, La maladie mitochondriale est un groupe de\u2026<\/p>  <div class=\"mt_10\"> <a class=\"text_btn trans\" href=\"https:\/\/liamfoundation.com\/fr\/comprendre-les-bases-genetiques-de-la-maladie-mitochondriale\/\"> <small>Read more<\/small> <\/a> <\/div> <\/div> <\/div>\n     <\/div>       <div class=\"col-xl-6 col-lg-6 col-md-6 col-sm-6  \">    <div class=\"blog-style_7 trans mb_40 has_images \">  <div class=\"image-box img_obj_fit_center\"> <a href=\"https:\/\/liamfoundation.com\/fr\/quest-ce-que-la-maladie-mitochondriale-impact-defis-et-espoir-pour-lavenir\/\" class=\"img_link\"> <img decoding=\"async\" width=\"1000\" height=\"668\" data-src=\"https:\/\/liamfoundation.com\/wp-content\/uploads\/2023\/12\/2148939073-min.webp\" class=\"attachment-risehand-image-370-320 trans size-risehand-image-370-320 trans wp-post-image lazyload\" alt=\"\" src=\"data:image\/svg+xml;base64,PHN2ZyB3aWR0aD0iMSIgaGVpZ2h0PSIxIiB4bWxucz0iaHR0cDovL3d3dy53My5vcmcvMjAwMC9zdmciPjwvc3ZnPg==\" style=\"--smush-placeholder-width: 1000px; --smush-placeholder-aspect-ratio: 1000\/668;\" \/> <\/a>  <a href=\"https:\/\/liamfoundation.com\/fr\/category\/leducation\/\" class=\"cat_gry\">L&#039;\u00e9ducation<\/a>  <\/div>  <div class=\"content_box trans\">  <div class=\"d-flex\">  <span class=\"date_tm\"><time class=\"date published font_special\" datetime=\"2024-08-26T13:20:39-04:00\"><i class=\"risehand-calendar5 mr-5\"><\/i>ao\u00fbt 26, 2024<\/time><\/span>   <small class=\"comments\"> <i class=\"risehand-bubble\"><\/i>\r\n    <span class=\"Comments are Closed\">Commentaires ferm\u00e9s<span class=\"screen-reader-text\"> sur Qu&#8217;est-ce que la maladie mitochondriale ? Impact, d\u00e9fis et espoir pour l&#8217;avenir<\/span><\/span><\/small>\r\n  <\/div>  <div class=\"title_22 mb_0\"><a href=\"https:\/\/liamfoundation.com\/fr\/quest-ce-que-la-maladie-mitochondriale-impact-defis-et-espoir-pour-lavenir\/\" class=\"trim-3 mb_0\">Qu&#8217;est-ce que la maladie mitochondriale ? Impact, d\u00e9fis et espoir pour l&#8217;avenir<\/a><\/div>  <p class=\"des_cription mt_15 mb_0\">Les maladies mitochondriales sont un groupe de troubles caus\u00e9s par le dysfonctionnement des mitochondries, les\u2026<\/p>  <div class=\"mt_10\"> <a class=\"text_btn trans\" href=\"https:\/\/liamfoundation.com\/fr\/quest-ce-que-la-maladie-mitochondriale-impact-defis-et-espoir-pour-lavenir\/\"> <small>Read more<\/small> <\/a> <\/div> <\/div> <\/div>\n     <\/div>     <\/div>  <div class=\"row\"> <div class=\"col-lg-12\"> <div class=\"pagination\">  <\/div> <\/div> <\/div>  <\/section>\r\n\t\t\t\t<\/div>\n\t\t\t\t<\/div>\n\t\t\t\t\t<\/div>\n\t\t<\/div>\n\t\t\t\t\t<\/div>\n\t\t<\/section>\n\t\t\t\t<\/div>\n\t\t","protected":false},"excerpt":{"rendered":"<p>Research August 26, 2024 0 Comments Understanding the Genetic Basis of Mitochondrial Disease Mitochondrial disease is a group of disorders caused by dysfunctional mitochondria, the tiny powerhouses within&hellip; Read more [&hellip;]<\/p>\n","protected":false},"author":1,"featured_media":0,"parent":0,"menu_order":0,"comment_status":"closed","ping_status":"closed","template":"","meta":{"footnotes":""},"class_list":["post-7508","page","type-page","status-publish","hentry"],"_links":{"self":[{"href":"https:\/\/liamfoundation.com\/fr\/wp-json\/wp\/v2\/pages\/7508","targetHints":{"allow":["GET"]}}],"collection":[{"href":"https:\/\/liamfoundation.com\/fr\/wp-json\/wp\/v2\/pages"}],"about":[{"href":"https:\/\/liamfoundation.com\/fr\/wp-json\/wp\/v2\/types\/page"}],"author":[{"embeddable":true,"href":"https:\/\/liamfoundation.com\/fr\/wp-json\/wp\/v2\/users\/1"}],"replies":[{"embeddable":true,"href":"https:\/\/liamfoundation.com\/fr\/wp-json\/wp\/v2\/comments?post=7508"}],"version-history":[{"count":2,"href":"https:\/\/liamfoundation.com\/fr\/wp-json\/wp\/v2\/pages\/7508\/revisions"}],"predecessor-version":[{"id":7517,"href":"https:\/\/liamfoundation.com\/fr\/wp-json\/wp\/v2\/pages\/7508\/revisions\/7517"}],"wp:attachment":[{"href":"https:\/\/liamfoundation.com\/fr\/wp-json\/wp\/v2\/media?parent=7508"}],"curies":[{"name":"wp","href":"https:\/\/api.w.org\/{rel}","templated":true}]}}