{"id":7499,"date":"2024-01-19T07:20:11","date_gmt":"2024-01-19T12:20:11","guid":{"rendered":"https:\/\/liamfoundation.com\/temoignages\/"},"modified":"2024-12-11T00:38:14","modified_gmt":"2024-12-11T05:38:14","slug":"temoignages","status":"publish","type":"page","link":"https:\/\/liamfoundation.com\/fr\/temoignages\/","title":{"rendered":"T\u00e9moignages"},"content":{"rendered":"\t\t<div data-elementor-type=\"wp-page\" data-elementor-id=\"7499\" class=\"elementor elementor-7499\" data-elementor-post-type=\"page\">\n\t\t\t\t\t\t<section class=\"elementor-section elementor-top-section elementor-element elementor-element-5e01649 elementor-section-boxed elementor-section-height-default elementor-section-height-default\" data-id=\"5e01649\" data-element_type=\"section\" data-e-type=\"section\">\n\t\t\t\t\t\t<div class=\"elementor-container elementor-column-gap-default\">\n\t\t\t\t\t<div class=\"elementor-column elementor-col-100 elementor-top-column elementor-element elementor-element-7548866\" data-id=\"7548866\" data-element_type=\"column\" data-e-type=\"column\">\n\t\t\t<div class=\"elementor-widget-wrap elementor-element-populated\">\n\t\t\t\t\t\t<div class=\"elementor-element elementor-element-9b3711f elementor-grid-3 elementor-grid-tablet-2 elementor-grid-mobile-1 elementor-posts--thumbnail-top elementor-card-shadow-yes elementor-posts__hover-gradient elementor-widget elementor-widget-posts\" data-id=\"9b3711f\" data-element_type=\"widget\" data-e-type=\"widget\" data-settings=\"{&quot;cards_masonry&quot;:&quot;yes&quot;,&quot;cards_columns&quot;:&quot;3&quot;,&quot;cards_columns_tablet&quot;:&quot;2&quot;,&quot;cards_columns_mobile&quot;:&quot;1&quot;,&quot;cards_row_gap&quot;:{&quot;unit&quot;:&quot;px&quot;,&quot;size&quot;:35,&quot;sizes&quot;:[]},&quot;cards_row_gap_laptop&quot;:{&quot;unit&quot;:&quot;px&quot;,&quot;size&quot;:&quot;&quot;,&quot;sizes&quot;:[]},&quot;cards_row_gap_tablet&quot;:{&quot;unit&quot;:&quot;px&quot;,&quot;size&quot;:&quot;&quot;,&quot;sizes&quot;:[]},&quot;cards_row_gap_mobile&quot;:{&quot;unit&quot;:&quot;px&quot;,&quot;size&quot;:&quot;&quot;,&quot;sizes&quot;:[]}}\" data-widget_type=\"posts.cards\">\n\t\t\t\t<div class=\"elementor-widget-container\">\n\t\t\t\t\t\t\t<div class=\"elementor-posts-container elementor-posts elementor-posts--skin-cards elementor-grid\" role=\"list\">\n\t\t\t\t<article class=\"elementor-post elementor-grid-item post-7943 portfolio type-portfolio status-publish has-post-thumbnail hentry portfolio_category-temoignages\" role=\"listitem\">\n\t\t\t<div class=\"elementor-post__card\">\n\t\t\t\t<a class=\"elementor-post__thumbnail__link\" href=\"https:\/\/liamfoundation.com\/fr\/portfolio\/une-famille-atteinte-de-la-mutation-mitochondriale-suclg1\/\" tabindex=\"-1\"><div class=\"elementor-post__thumbnail\"><img fetchpriority=\"high\" decoding=\"async\" width=\"1536\" height=\"2048\" src=\"https:\/\/liamfoundation.com\/wp-content\/uploads\/2024\/12\/A-Familys-Journey-with-SUCLG1-Mitochondrial-Mutation-2.webp\" class=\"attachment-full size-full wp-image-7946\" alt=\"A Family\u2019s Journey with SUCLG1 Mitochondrial Mutation-2\" srcset=\"https:\/\/liamfoundation.com\/wp-content\/uploads\/2024\/12\/A-Familys-Journey-with-SUCLG1-Mitochondrial-Mutation-2.webp 1536w, https:\/\/liamfoundation.com\/wp-content\/uploads\/2024\/12\/A-Familys-Journey-with-SUCLG1-Mitochondrial-Mutation-2-225x300.webp 225w, https:\/\/liamfoundation.com\/wp-content\/uploads\/2024\/12\/A-Familys-Journey-with-SUCLG1-Mitochondrial-Mutation-2-768x1024.webp 768w, https:\/\/liamfoundation.com\/wp-content\/uploads\/2024\/12\/A-Familys-Journey-with-SUCLG1-Mitochondrial-Mutation-2-1152x1536.webp 1152w\" sizes=\"(max-width: 1536px) 100vw, 1536px\" \/><\/div><\/a>\n\t\t\t\t<div class=\"elementor-post__badge\">T\u00e9moignages<\/div>\n\t\t\t\t<div class=\"elementor-post__text\">\n\t\t\t\t<h3 class=\"elementor-post__title\">\n\t\t\t<a href=\"https:\/\/liamfoundation.com\/fr\/portfolio\/une-famille-atteinte-de-la-mutation-mitochondriale-suclg1\/\">\n\t\t\t\tAntonia et David : Le parcours d&#8217;une famille atteinte de la mutation mitochondriale SUCLG1\t\t\t<\/a>\n\t\t<\/h3>\n\t\t\t\t<div class=\"elementor-post__excerpt\">\n\t\t\t<p>L&#8217;histoire de notre famille est faite de r\u00e9silience, de d\u00e9termination et d&#8217;un espoir in\u00e9branlable. Nous sommes les parents de deux magnifiques enfants, Antonia, 16 ans, et David, presque 4 ans, qui luttent courageusement contre une maladie g\u00e9n\u00e9tique rare et difficile : la mutation mitochondriale SUCLG1. Ce voyage nous a mis \u00e0 l&#8217;\u00e9preuve de mani\u00e8re inimaginable, mais il a aussi r\u00e9v\u00e9l\u00e9<\/p>\n\t\t<\/div>\n\t\t\n\t\t<a class=\"elementor-post__read-more\" href=\"https:\/\/liamfoundation.com\/fr\/portfolio\/une-famille-atteinte-de-la-mutation-mitochondriale-suclg1\/\" aria-label=\"En savoir plus sur Antonia et David : Le parcours d&#8217;une famille atteinte de la mutation mitochondriale SUCLG1\" tabindex=\"-1\">\n\t\t\tLire la suite \"\t\t<\/a>\n\n\t\t\t\t<\/div>\n\t\t\t\t\t<\/div>\n\t\t<\/article>\n\t\t\t\t<article class=\"elementor-post elementor-grid-item post-7769 portfolio type-portfolio status-publish has-post-thumbnail hentry portfolio_category-temoignages\" role=\"listitem\">\n\t\t\t<div class=\"elementor-post__card\">\n\t\t\t\t<a class=\"elementor-post__thumbnail__link\" href=\"https:\/\/liamfoundation.com\/fr\/portfolio\/lhistoire-de-tucker\/\" tabindex=\"-1\"><div class=\"elementor-post__thumbnail\"><img decoding=\"async\" width=\"1100\" height=\"1690\" data-src=\"https:\/\/liamfoundation.com\/wp-content\/uploads\/2024\/09\/TUCKER-STORY-MITOCHONDRIAL-DISEASE-TESTIMONIAL-2-min-min.jpg\" class=\"attachment-full size-full wp-image-7474 lazyload\" alt=\"\" data-srcset=\"https:\/\/liamfoundation.com\/wp-content\/uploads\/2024\/09\/TUCKER-STORY-MITOCHONDRIAL-DISEASE-TESTIMONIAL-2-min-min.jpg 1100w, https:\/\/liamfoundation.com\/wp-content\/uploads\/2024\/09\/TUCKER-STORY-MITOCHONDRIAL-DISEASE-TESTIMONIAL-2-min-min-195x300.jpg 195w, https:\/\/liamfoundation.com\/wp-content\/uploads\/2024\/09\/TUCKER-STORY-MITOCHONDRIAL-DISEASE-TESTIMONIAL-2-min-min-667x1024.jpg 667w, https:\/\/liamfoundation.com\/wp-content\/uploads\/2024\/09\/TUCKER-STORY-MITOCHONDRIAL-DISEASE-TESTIMONIAL-2-min-min-768x1180.jpg 768w, https:\/\/liamfoundation.com\/wp-content\/uploads\/2024\/09\/TUCKER-STORY-MITOCHONDRIAL-DISEASE-TESTIMONIAL-2-min-min-1000x1536.jpg 1000w\" data-sizes=\"(max-width: 1100px) 100vw, 1100px\" src=\"data:image\/svg+xml;base64,PHN2ZyB3aWR0aD0iMSIgaGVpZ2h0PSIxIiB4bWxucz0iaHR0cDovL3d3dy53My5vcmcvMjAwMC9zdmciPjwvc3ZnPg==\" style=\"--smush-placeholder-width: 1100px; --smush-placeholder-aspect-ratio: 1100\/1690;\" \/><\/div><\/a>\n\t\t\t\t<div class=\"elementor-post__badge\">T\u00e9moignages<\/div>\n\t\t\t\t<div class=\"elementor-post__text\">\n\t\t\t\t<h3 class=\"elementor-post__title\">\n\t\t\t<a href=\"https:\/\/liamfoundation.com\/fr\/portfolio\/lhistoire-de-tucker\/\">\n\t\t\t\tL&#8217;histoire de Tucker\t\t\t<\/a>\n\t\t<\/h3>\n\t\t\t\t<div class=\"elementor-post__excerpt\">\n\t\t\t<p>Tucker est n\u00e9 en septembre 2021 apr\u00e8s une grossesse et un accouchement en douceur. Il \u00e9tait parfait sur les courbes de croissance et nous \u00e9tions ravis d&#8217;\u00eatre parents pour la premi\u00e8re fois. Au cours de la premi\u00e8re ann\u00e9e de vie de Tucker, il a eu des probl\u00e8mes d&#8217;alimentation et des probl\u00e8mes musculaires qui ont \u00e9t\u00e9 consid\u00e9r\u00e9s comme des probl\u00e8mes &#8220;normaux&#8221;<\/p>\n\t\t<\/div>\n\t\t\n\t\t<a class=\"elementor-post__read-more\" href=\"https:\/\/liamfoundation.com\/fr\/portfolio\/lhistoire-de-tucker\/\" aria-label=\"En savoir plus sur L&#8217;histoire de Tucker\" tabindex=\"-1\">\n\t\t\tLire la suite \"\t\t<\/a>\n\n\t\t\t\t<\/div>\n\t\t\t\t\t<\/div>\n\t\t<\/article>\n\t\t\t\t<article class=\"elementor-post elementor-grid-item post-7748 portfolio type-portfolio status-publish has-post-thumbnail hentry portfolio_category-temoignages\" role=\"listitem\">\n\t\t\t<div class=\"elementor-post__card\">\n\t\t\t\t<a class=\"elementor-post__thumbnail__link\" href=\"https:\/\/liamfoundation.com\/fr\/portfolio\/la-famille-de-sarhan\/\" tabindex=\"-1\"><div class=\"elementor-post__thumbnail\"><img decoding=\"async\" width=\"828\" height=\"1104\" data-src=\"https:\/\/liamfoundation.com\/wp-content\/uploads\/2024\/09\/SARHAN-TESTIMONIAL-LIAM-FOUNDATION-5.jpg\" class=\"attachment-full size-full wp-image-7466 lazyload\" alt=\"\" data-srcset=\"https:\/\/liamfoundation.com\/wp-content\/uploads\/2024\/09\/SARHAN-TESTIMONIAL-LIAM-FOUNDATION-5.jpg 828w, https:\/\/liamfoundation.com\/wp-content\/uploads\/2024\/09\/SARHAN-TESTIMONIAL-LIAM-FOUNDATION-5-225x300.jpg 225w, https:\/\/liamfoundation.com\/wp-content\/uploads\/2024\/09\/SARHAN-TESTIMONIAL-LIAM-FOUNDATION-5-768x1024.jpg 768w\" data-sizes=\"(max-width: 828px) 100vw, 828px\" src=\"data:image\/svg+xml;base64,PHN2ZyB3aWR0aD0iMSIgaGVpZ2h0PSIxIiB4bWxucz0iaHR0cDovL3d3dy53My5vcmcvMjAwMC9zdmciPjwvc3ZnPg==\" style=\"--smush-placeholder-width: 828px; --smush-placeholder-aspect-ratio: 828\/1104;\" \/><\/div><\/a>\n\t\t\t\t<div class=\"elementor-post__badge\">T\u00e9moignages<\/div>\n\t\t\t\t<div class=\"elementor-post__text\">\n\t\t\t\t<h3 class=\"elementor-post__title\">\n\t\t\t<a href=\"https:\/\/liamfoundation.com\/fr\/portfolio\/la-famille-de-sarhan\/\">\n\t\t\t\tLa famille de Sarhan\t\t\t<\/a>\n\t\t<\/h3>\n\t\t\t\t<div class=\"elementor-post__excerpt\">\n\t\t\t<p>Le 11 avril 2022, j&#8217;ai trouv\u00e9 mon fils Sarhan inconscient et vomissant sans arr\u00eat. Nous nous sommes pr\u00e9cipit\u00e9s \u00e0 l&#8217;h\u00f4pital et avons d\u00e9couvert qu&#8217;il faisait une crise d&#8217;\u00e9pilepsie. Apr\u00e8s plusieurs visites chez le m\u00e9decin, nous avons appris qu&#8217;il souffrait d&#8217;une maladie mitochondriale POLG dont nous n&#8217;avions jamais entendu parler. Chaque jour, il est confront\u00e9 \u00e0 de nouveaux d\u00e9fis, tels que<\/p>\n\t\t<\/div>\n\t\t\n\t\t<a class=\"elementor-post__read-more\" href=\"https:\/\/liamfoundation.com\/fr\/portfolio\/la-famille-de-sarhan\/\" aria-label=\"En savoir plus sur La famille de Sarhan\" tabindex=\"-1\">\n\t\t\tLire la suite \"\t\t<\/a>\n\n\t\t\t\t<\/div>\n\t\t\t\t\t<\/div>\n\t\t<\/article>\n\t\t\t\t<article class=\"elementor-post elementor-grid-item post-7751 portfolio type-portfolio status-publish has-post-thumbnail hentry portfolio_category-temoignages\" role=\"listitem\">\n\t\t\t<div class=\"elementor-post__card\">\n\t\t\t\t<a class=\"elementor-post__thumbnail__link\" href=\"https:\/\/liamfoundation.com\/fr\/portfolio\/branden-le-courageux\/\" tabindex=\"-1\"><div class=\"elementor-post__thumbnail\"><img decoding=\"async\" width=\"960\" height=\"960\" data-src=\"https:\/\/liamfoundation.com\/wp-content\/uploads\/2024\/08\/Branden-The-Brave.webp\" class=\"attachment-full size-full wp-image-7410 lazyload\" alt=\"\" data-srcset=\"https:\/\/liamfoundation.com\/wp-content\/uploads\/2024\/08\/Branden-The-Brave.webp 960w, https:\/\/liamfoundation.com\/wp-content\/uploads\/2024\/08\/Branden-The-Brave-300x300.webp 300w, https:\/\/liamfoundation.com\/wp-content\/uploads\/2024\/08\/Branden-The-Brave-150x150.webp 150w, https:\/\/liamfoundation.com\/wp-content\/uploads\/2024\/08\/Branden-The-Brave-768x768.webp 768w, https:\/\/liamfoundation.com\/wp-content\/uploads\/2024\/08\/Branden-The-Brave-570x570.webp 570w, https:\/\/liamfoundation.com\/wp-content\/uploads\/2024\/08\/Branden-The-Brave-500x500.webp 500w, https:\/\/liamfoundation.com\/wp-content\/uploads\/2024\/08\/Branden-The-Brave-100x100.webp 100w, https:\/\/liamfoundation.com\/wp-content\/uploads\/2024\/08\/Branden-The-Brave-600x600.webp 600w\" data-sizes=\"(max-width: 960px) 100vw, 960px\" src=\"data:image\/svg+xml;base64,PHN2ZyB3aWR0aD0iMSIgaGVpZ2h0PSIxIiB4bWxucz0iaHR0cDovL3d3dy53My5vcmcvMjAwMC9zdmciPjwvc3ZnPg==\" style=\"--smush-placeholder-width: 960px; --smush-placeholder-aspect-ratio: 960\/960;\" \/><\/div><\/a>\n\t\t\t\t<div class=\"elementor-post__badge\">T\u00e9moignages<\/div>\n\t\t\t\t<div class=\"elementor-post__text\">\n\t\t\t\t<h3 class=\"elementor-post__title\">\n\t\t\t<a href=\"https:\/\/liamfoundation.com\/fr\/portfolio\/branden-le-courageux\/\">\n\t\t\t\tBranden le courageux\t\t\t<\/a>\n\t\t<\/h3>\n\t\t\t\t<div class=\"elementor-post__excerpt\">\n\t\t\t<p>Je voudrais vous pr\u00e9senter mon fils, mon premier amour et mon dernier amour, Branden Christian Petro. Il est mon c\u0153ur et mon \u00e2me, il est la lumi\u00e8re quand il fait si sombre et il est ce qui fait battre notre c\u0153ur tous les jours. Il est Branden le courageux. Ses sourires, ses baisers, ses rires, ses grimaces et surtout sa<\/p>\n\t\t<\/div>\n\t\t\n\t\t<a class=\"elementor-post__read-more\" href=\"https:\/\/liamfoundation.com\/fr\/portfolio\/branden-le-courageux\/\" aria-label=\"En savoir plus sur Branden le courageux\" tabindex=\"-1\">\n\t\t\tLire la suite \"\t\t<\/a>\n\n\t\t\t\t<\/div>\n\t\t\t\t\t<\/div>\n\t\t<\/article>\n\t\t\t\t<article class=\"elementor-post elementor-grid-item post-7754 portfolio type-portfolio status-publish has-post-thumbnail hentry portfolio_category-temoignages\" role=\"listitem\">\n\t\t\t<div class=\"elementor-post__card\">\n\t\t\t\t<a class=\"elementor-post__thumbnail__link\" href=\"https:\/\/liamfoundation.com\/fr\/portfolio\/la-famille-harper\/\" tabindex=\"-1\"><div class=\"elementor-post__thumbnail\"><img decoding=\"async\" width=\"1170\" height=\"2532\" data-src=\"https:\/\/liamfoundation.com\/wp-content\/uploads\/2024\/08\/HARPER-min.webp\" class=\"attachment-full size-full wp-image-7401 lazyload\" alt=\"\" data-srcset=\"https:\/\/liamfoundation.com\/wp-content\/uploads\/2024\/08\/HARPER-min.webp 1170w, https:\/\/liamfoundation.com\/wp-content\/uploads\/2024\/08\/HARPER-min-139x300.webp 139w, https:\/\/liamfoundation.com\/wp-content\/uploads\/2024\/08\/HARPER-min-473x1024.webp 473w, https:\/\/liamfoundation.com\/wp-content\/uploads\/2024\/08\/HARPER-min-768x1662.webp 768w, https:\/\/liamfoundation.com\/wp-content\/uploads\/2024\/08\/HARPER-min-710x1536.webp 710w, https:\/\/liamfoundation.com\/wp-content\/uploads\/2024\/08\/HARPER-min-946x2048.webp 946w, https:\/\/liamfoundation.com\/wp-content\/uploads\/2024\/08\/HARPER-min-600x1298.webp 600w\" data-sizes=\"(max-width: 1170px) 100vw, 1170px\" src=\"data:image\/svg+xml;base64,PHN2ZyB3aWR0aD0iMSIgaGVpZ2h0PSIxIiB4bWxucz0iaHR0cDovL3d3dy53My5vcmcvMjAwMC9zdmciPjwvc3ZnPg==\" style=\"--smush-placeholder-width: 1170px; --smush-placeholder-aspect-ratio: 1170\/2532;\" \/><\/div><\/a>\n\t\t\t\t<div class=\"elementor-post__badge\">T\u00e9moignages<\/div>\n\t\t\t\t<div class=\"elementor-post__text\">\n\t\t\t\t<h3 class=\"elementor-post__title\">\n\t\t\t<a href=\"https:\/\/liamfoundation.com\/fr\/portfolio\/la-famille-harper\/\">\n\t\t\t\tLa famille Harper\t\t\t<\/a>\n\t\t<\/h3>\n\t\t\t\t<div class=\"elementor-post__excerpt\">\n\t\t\t<p>Le 31 d\u00e9cembre, Liz, la m\u00e8re de Harper, devait \u00eatre au travail \u00e0 7 heures du matin et Harper dormait profond\u00e9ment dans son lit. Habituellement, Harper se r\u00e9veille \u00e0 8 heures, mais Dave, le p\u00e8re de Harper, a eu l&#8217;intuition d&#8217;aller dans sa chambre un peu plus t\u00f4t pour v\u00e9rifier si elle allait bien, et l&#8217;a trouv\u00e9e inconsciente et ne<\/p>\n\t\t<\/div>\n\t\t\n\t\t<a class=\"elementor-post__read-more\" href=\"https:\/\/liamfoundation.com\/fr\/portfolio\/la-famille-harper\/\" aria-label=\"En savoir plus sur La famille Harper\" tabindex=\"-1\">\n\t\t\tLire la suite \"\t\t<\/a>\n\n\t\t\t\t<\/div>\n\t\t\t\t\t<\/div>\n\t\t<\/article>\n\t\t\t\t<\/div>\n\t\t\n\t\t\t\t\t\t<\/div>\n\t\t\t\t<\/div>\n\t\t\t\t\t<\/div>\n\t\t<\/div>\n\t\t\t\t\t<\/div>\n\t\t<\/section>\n\t\t\t\t<\/div>\n\t\t","protected":false},"excerpt":{"rendered":"","protected":false},"author":1,"featured_media":0,"parent":0,"menu_order":0,"comment_status":"closed","ping_status":"closed","template":"template-fullwidth.php","meta":{"footnotes":""},"class_list":["post-7499","page","type-page","status-publish","hentry"],"_links":{"self":[{"href":"https:\/\/liamfoundation.com\/fr\/wp-json\/wp\/v2\/pages\/7499","targetHints":{"allow":["GET"]}}],"collection":[{"href":"https:\/\/liamfoundation.com\/fr\/wp-json\/wp\/v2\/pages"}],"about":[{"href":"https:\/\/liamfoundation.com\/fr\/wp-json\/wp\/v2\/types\/page"}],"author":[{"embeddable":true,"href":"https:\/\/liamfoundation.com\/fr\/wp-json\/wp\/v2\/users\/1"}],"replies":[{"embeddable":true,"href":"https:\/\/liamfoundation.com\/fr\/wp-json\/wp\/v2\/comments?post=7499"}],"version-history":[{"count":1,"href":"https:\/\/liamfoundation.com\/fr\/wp-json\/wp\/v2\/pages\/7499\/revisions"}],"predecessor-version":[{"id":7504,"href":"https:\/\/liamfoundation.com\/fr\/wp-json\/wp\/v2\/pages\/7499\/revisions\/7504"}],"wp:attachment":[{"href":"https:\/\/liamfoundation.com\/fr\/wp-json\/wp\/v2\/media?parent=7499"}],"curies":[{"name":"wp","href":"https:\/\/api.w.org\/{rel}","templated":true}]}}